{"id":241,"date":"2018-11-29T11:42:15","date_gmt":"2018-11-29T11:42:15","guid":{"rendered":"https:\/\/demo.codethemes.co\/lawyerpress-lite\/?page_id=241"},"modified":"2021-07-23T10:50:22","modified_gmt":"2021-07-23T10:50:22","slug":"public-procurement-concessions-ppp","status":"publish","type":"page","link":"https:\/\/cblegal.ro\/wp\/public-procurement-concessions-ppp\/","title":{"rendered":"Achizi\u021bii publice, concesiuni, PPP"},"content":{"rendered":"\n<p>\u00cen cadrul practicii de Achizi\u021bii publice, concesiuni \u0219i PPP suntem \u00een m\u0103sur\u0103 s\u0103 furniz\u0103m servicii de asisten\u021b\u0103 \u0219i reprezentare juridic\u0103 \u00een toate etapele procedurilor de atribuire a contractelor de achizi\u021bii publice, at\u00e2t \u00een leg\u0103tur\u0103 cu participarea la procedur\u0103, c\u00e2t \u0219i \u00een procedurile de contestare sau \u00een faza de implementare a proiectelor. De asemenea, cabinetul a fost implicat \u00een mod frecvent \u00een procesele de atribuire, negociere \u0219i \u00eencheiere a diferitelor contracte administrative, av\u00e2nd ca obiect punerea \u00een valoare a bunurilor proprietate public\u0103 (contracte de concesiune de terenuri, asocieri \u00een participa\u021biune etc.).<\/p>\n\n\n\n<p>Avem experien\u021b\u0103 semnificativ\u0103 \u00een implementarea unor proiecte complexe de infrastructur\u0103, cum ar fi construc\u021bia de autostr\u0103zi, infrastructuri de cercetare \u0219i infrastructuri tehnico-edilitare.<\/p>\n\n\n\n<p>Serviciile juridice \u00een domeniul Achizi\u021biilor publice, concesiunilor \u0219i PPP includ: consultan\u021b\u0103 cu privire la participarea la proceduri de atribuire a contractelor publice, revizuire \u0219i preg\u0103tire a ofertelor, analiz\u0103 \u0219i consultan\u021b\u0103 cu privire la conformarea cu legisla\u021bia achizi\u021biilor publice, consultan\u021b\u0103 de zi cu zi \u00een leg\u0103tur\u0103 cu executarea contractelor publice.<\/p>\n\n\n\n<p>Avoca\u021bii no\u0219tri au asistat diver\u0219i clien\u021bi \u00een aspecte legate de Achizi\u021bii publice, concesiuni \u0219i PPP, cum ar fi: un consor\u021biu format din 3 grupuri de companii europene specializate \u00een construc\u021bia de infrastructur\u0103 rutier\u0103; un consor\u021biu format din institu\u021bii de cercetare din Fran\u021ba \u0219i Italia \u0219i din produc\u0103tori de echipamente \u00een leg\u0103tur\u0103 cu livrarea unui Sistem Fascicul Gamma de Mare Intensitate \u00een M\u0103gurele; mai multe companii petroliere interna\u021bionale \u0219i din Rom\u00e2nia \u00een leg\u0103tur\u0103 cu derularea unor acorduri petroliere \u0219i\/sau a unor acorduri de \u00eembun\u0103t\u0103\u021bire a produc\u021biei; un operator integrat de management al de\u0219eurilor din nordul Rom\u00e2niei etc.<\/p>\n\n\n\n<p><\/p>\n","protected":false},"excerpt":{"rendered":"<p>\u00cen cadrul practicii de Achizi\u021bii publice, concesiuni \u0219i PPP suntem \u00een m\u0103sur\u0103 s\u0103 furniz\u0103m servicii de asisten\u021b\u0103 \u0219i \u2026<\/p>\n","protected":false},"author":1,"featured_media":508,"parent":0,"menu_order":0,"comment_status":"closed","ping_status":"closed","template":"","meta":{"footnotes":""},"class_list":["post-241","page","type-page","status-publish","has-post-thumbnail","hentry"],"translation":{"provider":"WPGlobus","version":"3.0.0","language":"ro","enabled_languages":["ro","gb"],"languages":{"ro":{"title":true,"content":true,"excerpt":true},"gb":{"title":true,"content":true,"excerpt":false}}},"yoast_head":"<!-- This site is optimized with the Yoast SEO plugin v24.4 - https:\/\/yoast.com\/wordpress\/plugins\/seo\/ -->\n<title>Achizi\u021bii publice, concesiuni, PPP - C\u0103t\u0103lin Barb<\/title>\n<meta name=\"robots\" content=\"index, follow, max-snippet:-1, max-image-preview:large, max-video-preview:-1\" \/>\n<link rel=\"canonical\" href=\"https:\/\/cblegal.ro\/wp\/public-procurement-concessions-ppp\/\" \/>\n<meta property=\"og:locale\" content=\"ro_RO\" \/>\n<meta property=\"og:type\" content=\"article\" \/>\n<meta property=\"og:title\" content=\"Achizi\u021bii publice, concesiuni, PPP - C\u0103t\u0103lin Barb\" \/>\n<meta property=\"og:url\" content=\"https:\/\/cblegal.ro\/wp\/public-procurement-concessions-ppp\/\" \/>\n<meta property=\"og:site_name\" content=\"C\u0103t\u0103lin Barb\" \/>\n<meta property=\"article:modified_time\" content=\"2021-07-23T10:50:22+00:00\" \/>\n<meta property=\"og:image\" content=\"https:\/\/cblegal.ro\/wp\/wp-content\/uploads\/2021\/03\/network-1246209_1920.jpg\" \/>\n\t<meta property=\"og:image:width\" content=\"1920\" \/>\n\t<meta property=\"og:image:height\" content=\"1280\" \/>\n\t<meta property=\"og:image:type\" content=\"image\/jpeg\" \/>\n<meta name=\"twitter:card\" content=\"summary_large_image\" \/>\n<meta name=\"twitter:label1\" content=\"Timp estimat pentru citire\" \/>\n\t<meta name=\"twitter:data1\" content=\"2 minute\" \/>\n<script type=\"application\/ld+json\" class=\"yoast-schema-graph\">{\"@context\":\"https:\/\/schema.org\",\"@graph\":[{\"@type\":\"WebPage\",\"@id\":\"https:\/\/cblegal.ro\/wp\/public-procurement-concessions-ppp\/\",\"url\":\"https:\/\/cblegal.ro\/wp\/public-procurement-concessions-ppp\/\",\"name\":\"Achizi\u021bii publice, concesiuni, PPP - C\u0103t\u0103lin Barb\",\"isPartOf\":{\"@id\":\"https:\/\/cblegal.ro\/wp\/#website\"},\"primaryImageOfPage\":{\"@id\":\"https:\/\/cblegal.ro\/wp\/public-procurement-concessions-ppp\/#primaryimage\"},\"image\":{\"@id\":\"https:\/\/cblegal.ro\/wp\/public-procurement-concessions-ppp\/#primaryimage\"},\"thumbnailUrl\":\"https:\/\/cblegal.ro\/wp\/wp-content\/uploads\/2021\/03\/network-1246209_1920.jpg\",\"datePublished\":\"2018-11-29T11:42:15+00:00\",\"dateModified\":\"2021-07-23T10:50:22+00:00\",\"breadcrumb\":{\"@id\":\"https:\/\/cblegal.ro\/wp\/public-procurement-concessions-ppp\/#breadcrumb\"},\"inLanguage\":\"ro-RO\",\"potentialAction\":[{\"@type\":\"ReadAction\",\"target\":[\"https:\/\/cblegal.ro\/wp\/public-procurement-concessions-ppp\/\"]}]},{\"@type\":\"ImageObject\",\"inLanguage\":\"ro-RO\",\"@id\":\"https:\/\/cblegal.ro\/wp\/public-procurement-concessions-ppp\/#primaryimage\",\"url\":\"https:\/\/cblegal.ro\/wp\/wp-content\/uploads\/2021\/03\/network-1246209_1920.jpg\",\"contentUrl\":\"https:\/\/cblegal.ro\/wp\/wp-content\/uploads\/2021\/03\/network-1246209_1920.jpg\",\"width\":1920,\"height\":1280},{\"@type\":\"BreadcrumbList\",\"@id\":\"https:\/\/cblegal.ro\/wp\/public-procurement-concessions-ppp\/#breadcrumb\",\"itemListElement\":[{\"@type\":\"ListItem\",\"position\":1,\"name\":\"Home\",\"item\":\"https:\/\/cblegal.ro\/wp\/\"},{\"@type\":\"ListItem\",\"position\":2,\"name\":\"Achizi\u021bii publice, concesiuni, PPP\"}]},{\"@type\":\"WebSite\",\"@id\":\"https:\/\/cblegal.ro\/wp\/#website\",\"url\":\"https:\/\/cblegal.ro\/wp\/\",\"name\":\"C\u0103t\u0103lin Barb\",\"description\":\"Cabinet de Avocat | Law Office\",\"potentialAction\":[{\"@type\":\"SearchAction\",\"target\":{\"@type\":\"EntryPoint\",\"urlTemplate\":\"https:\/\/cblegal.ro\/wp\/?s={search_term_string}\"},\"query-input\":{\"@type\":\"PropertyValueSpecification\",\"valueRequired\":true,\"valueName\":\"search_term_string\"}}],\"inLanguage\":\"ro-RO\"}]}<\/script>\n<!-- \/ Yoast SEO plugin. -->","yoast_head_json":{"title":"Achizi\u021bii publice, concesiuni, PPP - C\u0103t\u0103lin Barb","robots":{"index":"index","follow":"follow","max-snippet":"max-snippet:-1","max-image-preview":"max-image-preview:large","max-video-preview":"max-video-preview:-1"},"canonical":"https:\/\/cblegal.ro\/wp\/public-procurement-concessions-ppp\/","og_locale":"ro_RO","og_type":"article","og_title":"Achizi\u021bii publice, concesiuni, PPP - C\u0103t\u0103lin Barb","og_url":"https:\/\/cblegal.ro\/wp\/public-procurement-concessions-ppp\/","og_site_name":"C\u0103t\u0103lin Barb","article_modified_time":"2021-07-23T10:50:22+00:00","og_image":[{"width":1920,"height":1280,"url":"https:\/\/cblegal.ro\/wp\/wp-content\/uploads\/2021\/03\/network-1246209_1920.jpg","type":"image\/jpeg"}],"twitter_card":"summary_large_image","twitter_misc":{"Timp estimat pentru citire":"2 minute"},"schema":{"@context":"https:\/\/schema.org","@graph":[{"@type":"WebPage","@id":"https:\/\/cblegal.ro\/wp\/public-procurement-concessions-ppp\/","url":"https:\/\/cblegal.ro\/wp\/public-procurement-concessions-ppp\/","name":"Achizi\u021bii publice, concesiuni, PPP - C\u0103t\u0103lin Barb","isPartOf":{"@id":"https:\/\/cblegal.ro\/wp\/#website"},"primaryImageOfPage":{"@id":"https:\/\/cblegal.ro\/wp\/public-procurement-concessions-ppp\/#primaryimage"},"image":{"@id":"https:\/\/cblegal.ro\/wp\/public-procurement-concessions-ppp\/#primaryimage"},"thumbnailUrl":"https:\/\/cblegal.ro\/wp\/wp-content\/uploads\/2021\/03\/network-1246209_1920.jpg","datePublished":"2018-11-29T11:42:15+00:00","dateModified":"2021-07-23T10:50:22+00:00","breadcrumb":{"@id":"https:\/\/cblegal.ro\/wp\/public-procurement-concessions-ppp\/#breadcrumb"},"inLanguage":"ro-RO","potentialAction":[{"@type":"ReadAction","target":["https:\/\/cblegal.ro\/wp\/public-procurement-concessions-ppp\/"]}]},{"@type":"ImageObject","inLanguage":"ro-RO","@id":"https:\/\/cblegal.ro\/wp\/public-procurement-concessions-ppp\/#primaryimage","url":"https:\/\/cblegal.ro\/wp\/wp-content\/uploads\/2021\/03\/network-1246209_1920.jpg","contentUrl":"https:\/\/cblegal.ro\/wp\/wp-content\/uploads\/2021\/03\/network-1246209_1920.jpg","width":1920,"height":1280},{"@type":"BreadcrumbList","@id":"https:\/\/cblegal.ro\/wp\/public-procurement-concessions-ppp\/#breadcrumb","itemListElement":[{"@type":"ListItem","position":1,"name":"Home","item":"https:\/\/cblegal.ro\/wp\/"},{"@type":"ListItem","position":2,"name":"Achizi\u021bii publice, concesiuni, PPP"}]},{"@type":"WebSite","@id":"https:\/\/cblegal.ro\/wp\/#website","url":"https:\/\/cblegal.ro\/wp\/","name":"C\u0103t\u0103lin Barb","description":"Cabinet de Avocat | Law Office","potentialAction":[{"@type":"SearchAction","target":{"@type":"EntryPoint","urlTemplate":"https:\/\/cblegal.ro\/wp\/?s={search_term_string}"},"query-input":{"@type":"PropertyValueSpecification","valueRequired":true,"valueName":"search_term_string"}}],"inLanguage":"ro-RO"}]}},"_links":{"self":[{"href":"https:\/\/cblegal.ro\/wp\/wp-json\/wp\/v2\/pages\/241","targetHints":{"allow":["GET"]}}],"collection":[{"href":"https:\/\/cblegal.ro\/wp\/wp-json\/wp\/v2\/pages"}],"about":[{"href":"https:\/\/cblegal.ro\/wp\/wp-json\/wp\/v2\/types\/page"}],"author":[{"embeddable":true,"href":"https:\/\/cblegal.ro\/wp\/wp-json\/wp\/v2\/users\/1"}],"replies":[{"embeddable":true,"href":"https:\/\/cblegal.ro\/wp\/wp-json\/wp\/v2\/comments?post=241"}],"version-history":[{"count":6,"href":"https:\/\/cblegal.ro\/wp\/wp-json\/wp\/v2\/pages\/241\/revisions"}],"predecessor-version":[{"id":579,"href":"https:\/\/cblegal.ro\/wp\/wp-json\/wp\/v2\/pages\/241\/revisions\/579"}],"wp:featuredmedia":[{"embeddable":true,"href":"https:\/\/cblegal.ro\/wp\/wp-json\/wp\/v2\/media\/508"}],"wp:attachment":[{"href":"https:\/\/cblegal.ro\/wp\/wp-json\/wp\/v2\/media?parent=241"}],"curies":[{"name":"wp","href":"https:\/\/api.w.org\/{rel}","templated":true}]}}